{"id":2830,"date":"2025-12-05T01:47:12","date_gmt":"2025-12-05T01:47:12","guid":{"rendered":"https:\/\/alloypro.net\/?post_type=product&#038;p=2830"},"modified":"2026-01-22T06:10:14","modified_gmt":"2026-01-22T06:10:14","slug":"puerta-blindada-de-alta-seguridad","status":"publish","type":"product","link":"https:\/\/alloypro.net\/es\/product\/high-security-armored-door\/","title":{"rendered":"Puerta blindada \u00b7 Serie Fangcun"},"content":{"rendered":"<h2>Estructura central y materiales de primera calidad<\/h2>\n<ul>\n<li>Material: Panel de aluminio tallado con precisi\u00f3n | Panel de aleaci\u00f3n de aluminio primario conforme a la norma nacional (disponible en varios espesores)<\/li>\n<li>Espesor de la hoja de la puerta: 89 mm<\/li>\n<li>Acabado de la superficie: pintura de fluorocarbono en polvo aplicada mediante pulverizaci\u00f3n electrost\u00e1tica y horneada<\/li>\n<li>Estructura y relleno: Estructura totalmente de aluminio, rellena con un n\u00facleo de nido de abeja de aluminio de alta densidad<\/li>\n<\/ul>\n<div style=\"position: absolute; left: -9999px; width: 1px; height: 1px; overflow: hidden;\">\n<p>Nuestras puertas de aluminio de primera calidad est\u00e1n dise\u00f1adas con un enfoque en la durabilidad, el rendimiento y el atractivo est\u00e9tico, y cuentan con una estructura central concebida para ofrecer una fiabilidad duradera. Fabricadas con paneles de aluminio tallados con precisi\u00f3n y paneles de aleaci\u00f3n de aluminio primario que cumplen con las normas nacionales, ofrecen una resistencia excepcional y protecci\u00f3n contra la corrosi\u00f3n, con opciones de espesor personalizables para satisfacer las necesidades espec\u00edficas de cualquier proyecto. El espesor de 89 mm de la hoja de la puerta garantiza una s\u00f3lida integridad estructural, lo que proporciona mayor seguridad y estabilidad tanto para aplicaciones residenciales como comerciales.El acabado de la superficie utiliza pintura electrost\u00e1tica en polvo de fluorocarbono horneada, lo que proporciona un recubrimiento liso, resistente a los rayones y a la decoloraci\u00f3n que mantiene su apariencia durante d\u00e9cadas. Este avanzado proceso de acabado tambi\u00e9n brinda una excelente protecci\u00f3n contra condiciones clim\u00e1ticas adversas, lo que hace que las puertas sean aptas para uso en exteriores. La estructura totalmente de aluminio, rellena con un n\u00facleo de panal de aluminio de alta densidad, ofrece una rigidez superior al tiempo que mantiene la puerta liviana, lo que garantiza un funcionamiento suave y un manejo f\u00e1cil.<\/p>\n<p>Esta combinaci\u00f3n de materiales de primera calidad y un dise\u00f1o minucioso da como resultado una puerta que combina resistencia, aislamiento y versatilidad est\u00e9tica. Descubre nuestra <a href=\"\/es\/products\/\">gama completa de puertas de aluminio<\/a> para encontrar la soluci\u00f3n perfecta para tu proyecto de construcci\u00f3n, en la que conf\u00edan los profesionales del sector y el <a href=\"https:\/\/www.aluminium.org\/\">Asociaci\u00f3n del Aluminio<\/a> por su calidad y rendimiento.<\/p>\n<\/div>","protected":false},"excerpt":{"rendered":"<p>Core Structure &amp; Premium Materials Material: Precision-carved aluminum panel | National standard primary aluminum alloy panel (thickness options available) Door [&hellip;]<\/p>\n","protected":false},"featured_media":2835,"template":"","meta":{"_acf_changed":false,"om_disable_all_campaigns":false,"_monsterinsights_skip_tracking":false,"_monsterinsights_sitenote_active":false,"_monsterinsights_sitenote_note":"","_monsterinsights_sitenote_category":0,"site-sidebar-layout":"default","site-content-layout":"","ast-site-content-layout":"default","site-content-style":"default","site-sidebar-style":"default","ast-global-header-display":"","ast-banner-title-visibility":"","ast-main-header-display":"","ast-hfb-above-header-display":"","ast-hfb-below-header-display":"","ast-hfb-mobile-header-display":"","site-post-title":"","ast-breadcrumbs-content":"","ast-featured-img":"","footer-sml-layout":"","ast-disable-related-posts":"","theme-transparent-header-meta":"default","adv-header-id-meta":"","stick-header-meta":"","header-above-stick-meta":"","header-main-stick-meta":"","header-below-stick-meta":"","astra-migrate-meta-layouts":"set","ast-page-background-enabled":"default","ast-page-background-meta":{"desktop":{"background-color":"var(--ast-global-color-5)","background-image":"","background-repeat":"repeat","background-position":"center center","background-size":"auto","background-attachment":"scroll","background-type":"","background-media":"","overlay-type":"","overlay-color":"","overlay-opacity":"","overlay-gradient":""},"tablet":{"background-color":"","background-image":"","background-repeat":"repeat","background-position":"center center","background-size":"auto","background-attachment":"scroll","background-type":"","background-media":"","overlay-type":"","overlay-color":"","overlay-opacity":"","overlay-gradient":""},"mobile":{"background-color":"","background-image":"","background-repeat":"repeat","background-position":"center center","background-size":"auto","background-attachment":"scroll","background-type":"","background-media":"","overlay-type":"","overlay-color":"","overlay-opacity":"","overlay-gradient":""}},"ast-content-background-meta":{"desktop":{"background-color":"var(--ast-global-color-4)","background-image":"","background-repeat":"repeat","background-position":"center center","background-size":"auto","background-attachment":"scroll","background-type":"","background-media":"","overlay-type":"","overlay-color":"","overlay-opacity":"","overlay-gradient":""},"tablet":{"background-color":"var(--ast-global-color-4)","background-image":"","background-repeat":"repeat","background-position":"center center","background-size":"auto","background-attachment":"scroll","background-type":"","background-media":"","overlay-type":"","overlay-color":"","overlay-opacity":"","overlay-gradient":""},"mobile":{"background-color":"var(--ast-global-color-4)","background-image":"","background-repeat":"repeat","background-position":"center center","background-size":"auto","background-attachment":"scroll","background-type":"","background-media":"","overlay-type":"","overlay-color":"","overlay-opacity":"","overlay-gradient":""}}},"product_brand":[],"product_cat":[172],"product_tag":[],"class_list":{"0":"post-2830","1":"product","2":"type-product","3":"status-publish","4":"has-post-thumbnail","6":"product_cat-doors","7":"desktop-align-left","8":"tablet-align-left","9":"mobile-align-left","11":"first","12":"instock","13":"shipping-taxable","14":"product-type-simple"},"acf":[],"aioseo_notices":[],"_links":{"self":[{"href":"https:\/\/alloypro.net\/es\/wp-json\/wp\/v2\/product\/2830","targetHints":{"allow":["GET"]}}],"collection":[{"href":"https:\/\/alloypro.net\/es\/wp-json\/wp\/v2\/product"}],"about":[{"href":"https:\/\/alloypro.net\/es\/wp-json\/wp\/v2\/types\/product"}],"version-history":[{"count":12,"href":"https:\/\/alloypro.net\/es\/wp-json\/wp\/v2\/product\/2830\/revisions"}],"predecessor-version":[{"id":5736,"href":"https:\/\/alloypro.net\/es\/wp-json\/wp\/v2\/product\/2830\/revisions\/5736"}],"wp:featuredmedia":[{"embeddable":true,"href":"https:\/\/alloypro.net\/es\/wp-json\/wp\/v2\/media\/2835"}],"wp:attachment":[{"href":"https:\/\/alloypro.net\/es\/wp-json\/wp\/v2\/media?parent=2830"}],"wp:term":[{"taxonomy":"product_brand","embeddable":true,"href":"https:\/\/alloypro.net\/es\/wp-json\/wp\/v2\/product_brand?post=2830"},{"taxonomy":"product_cat","embeddable":true,"href":"https:\/\/alloypro.net\/es\/wp-json\/wp\/v2\/product_cat?post=2830"},{"taxonomy":"product_tag","embeddable":true,"href":"https:\/\/alloypro.net\/es\/wp-json\/wp\/v2\/product_tag?post=2830"}],"curies":[{"name":"wp","href":"https:\/\/api.w.org\/{rel}","templated":true}]}}