{"id":3102,"date":"2025-12-12T06:13:29","date_gmt":"2025-12-12T06:13:29","guid":{"rendered":"https:\/\/alloypro.net\/?page_id=3102"},"modified":"2026-01-16T03:21:03","modified_gmt":"2026-01-16T03:21:03","slug":"informes-de-pruebas-as2047-de-la-nfrc","status":"publish","type":"page","link":"https:\/\/alloypro.net\/es\/as2047-nfrc-test-reports\/","title":{"rendered":"Pruebas de rendimiento"},"content":{"rendered":"<div data-elementor-type=\"wp-page\" data-elementor-id=\"3102\" class=\"elementor elementor-3102\" data-elementor-post-type=\"page\">\n\t\t\t\t<div class=\"elementor-element elementor-element-b48af55 e-flex e-con-boxed e-con e-parent\" data-id=\"b48af55\" data-element_type=\"container\" data-e-type=\"container\" data-settings=\"{&quot;background_background&quot;:&quot;classic&quot;}\">\n\t\t\t\t\t<div class=\"e-con-inner\">\n\t\t\t\t<div class=\"elementor-element elementor-element-41d8511 elementor-widget elementor-widget-image\" data-id=\"41d8511\" data-element_type=\"widget\" data-e-type=\"widget\" data-widget_type=\"image.default\">\n\t\t\t\t\t\t\t\t\t\t\t\t\t\t\t<img fetchpriority=\"high\" decoding=\"async\" width=\"2048\" height=\"1152\" src=\"https:\/\/alloypro.net\/wp-content\/uploads\/2026\/01\/aluminum-window-1-2048x1152.png\" class=\"attachment-2048x2048 size-2048x2048 wp-image-5181\" alt=\"\" srcset=\"https:\/\/alloypro.net\/wp-content\/uploads\/2026\/01\/aluminum-window-1-2048x1152.png 2048w, https:\/\/alloypro.net\/wp-content\/uploads\/2026\/01\/aluminum-window-1-300x169.png 300w, https:\/\/alloypro.net\/wp-content\/uploads\/2026\/01\/aluminum-window-1-1024x576.png 1024w, https:\/\/alloypro.net\/wp-content\/uploads\/2026\/01\/aluminum-window-1-768x432.png 768w, https:\/\/alloypro.net\/wp-content\/uploads\/2026\/01\/aluminum-window-1-1536x864.png 1536w, https:\/\/alloypro.net\/wp-content\/uploads\/2026\/01\/aluminum-window-1-600x337.png 600w\" sizes=\"(max-width: 2048px) 100vw, 2048px\" \/>\t\t\t\t\t\t\t\t\t\t\t\t\t\t\t<\/div>\n\t\t\t\t\t<\/div>\n\t\t\t\t<\/div>\n\t\t<div class=\"elementor-element elementor-element-0eb2ca2 e-flex e-con-boxed e-con e-parent\" data-id=\"0eb2ca2\" data-element_type=\"container\" data-e-type=\"container\">\n\t\t\t\t\t<div class=\"e-con-inner\">\n\t\t<div class=\"elementor-element elementor-element-3c5d209 e-con-full container e-flex e-con e-child\" data-id=\"3c5d209\" data-element_type=\"container\" data-e-type=\"container\">\n\t\t<div class=\"elementor-element elementor-element-db0191d e-con-full e-flex e-con e-child\" data-id=\"db0191d\" data-element_type=\"container\" data-e-type=\"container\">\n\t\t\t\t<div class=\"elementor-element elementor-element-6838451 elementor-widget elementor-widget-woocommerce-breadcrumb\" data-id=\"6838451\" data-element_type=\"widget\" data-e-type=\"widget\" data-widget_type=\"woocommerce-breadcrumb.default\">\n\t\t\t\t\t<nav class=\"woocommerce-breadcrumb\" aria-label=\"Breadcrumb\" data-no-translation=\"\" data-trp-gettext=\"\">Inicio<\/nav>\t\t\t\t<\/div>\n\t\t\t\t<\/div>\n\t\t\t\t<\/div>\n\t\t\t\t\t<\/div>\n\t\t\t\t<\/div>\n\t\t<div class=\"elementor-element elementor-element-97bdabe e-flex e-con-boxed e-con e-parent\" data-id=\"97bdabe\" data-element_type=\"container\" data-e-type=\"container\" data-settings=\"{&quot;background_background&quot;:&quot;classic&quot;}\">\n\t\t\t\t\t<div class=\"e-con-inner\">\n\t\t<div class=\"elementor-element elementor-element-5cbf1fd e-con-full e-flex e-con e-child\" data-id=\"5cbf1fd\" data-element_type=\"container\" data-e-type=\"container\" data-settings=\"{&quot;background_background&quot;:&quot;classic&quot;}\">\n\t\t<div class=\"elementor-element elementor-element-d3f68b9 e-con-full e-flex e-con e-child\" data-id=\"d3f68b9\" data-element_type=\"container\" data-e-type=\"container\">\n\t\t<div class=\"elementor-element elementor-element-22a3e50 e-con-full e-flex e-con e-child\" data-id=\"22a3e50\" data-element_type=\"container\" data-e-type=\"container\">\n\t\t\t\t<div class=\"elementor-element elementor-element-00e3fa8 animated-slow elementor-invisible elementor-widget elementor-widget-button\" data-id=\"00e3fa8\" data-element_type=\"widget\" data-e-type=\"widget\" data-settings=\"{&quot;_animation&quot;:&quot;fadeIn&quot;}\" data-widget_type=\"button.default\">\n\t\t\t\t\t\t\t\t\t\t<a class=\"elementor-button elementor-button-link elementor-size-sm\" href=\"#\">\n\t\t\t\t\t\t<span class=\"elementor-button-content-wrapper\">\n\t\t\t\t\t\t\t\t\t<span class=\"elementor-button-text\">INFORME DE PRUEBAS AS2047<\/span>\n\t\t\t\t\t<\/span>\n\t\t\t\t\t<\/a>\n\t\t\t\t\t\t\t\t<\/div>\n\t\t\t\t<\/div>\n\t\t<div class=\"elementor-element elementor-element-3fa3442 e-con-full e-flex e-con e-child\" data-id=\"3fa3442\" data-element_type=\"container\" data-e-type=\"container\">\n\t\t\t\t<div class=\"elementor-element elementor-element-b08c2a0 animated-slow elementor-invisible elementor-widget elementor-widget-button\" data-id=\"b08c2a0\" data-element_type=\"widget\" data-e-type=\"widget\" data-settings=\"{&quot;_animation&quot;:&quot;fadeIn&quot;,&quot;_animation_delay&quot;:200}\" data-widget_type=\"button.default\">\n\t\t\t\t\t\t\t\t\t\t<a class=\"elementor-button elementor-button-link elementor-size-sm\" href=\"#\">\n\t\t\t\t\t\t<span class=\"elementor-button-content-wrapper\">\n\t\t\t\t\t\t\t\t\t<span class=\"elementor-button-text\">INFORME DE PRUEBAS DE FLORIDA<\/span>\n\t\t\t\t\t<\/span>\n\t\t\t\t\t<\/a>\n\t\t\t\t\t\t\t\t<\/div>\n\t\t\t\t<\/div>\n\t\t<div class=\"elementor-element elementor-element-46d11c6 e-con-full e-flex e-con e-child\" data-id=\"46d11c6\" data-element_type=\"container\" data-e-type=\"container\">\n\t\t\t\t<div class=\"elementor-element elementor-element-3cb6f77 animated-slow elementor-invisible elementor-widget elementor-widget-button\" data-id=\"3cb6f77\" data-element_type=\"widget\" data-e-type=\"widget\" data-settings=\"{&quot;_animation&quot;:&quot;fadeIn&quot;,&quot;_animation_delay&quot;:400}\" data-widget_type=\"button.default\">\n\t\t\t\t\t\t\t\t\t\t<a class=\"elementor-button elementor-button-link elementor-size-sm\" href=\"#\">\n\t\t\t\t\t\t<span class=\"elementor-button-content-wrapper\">\n\t\t\t\t\t\t\t\t\t<span class=\"elementor-button-text\">INFORME DE PRUEBAS DE LA NFRC<\/span>\n\t\t\t\t\t<\/span>\n\t\t\t\t\t<\/a>\n\t\t\t\t\t\t\t\t<\/div>\n\t\t\t\t<\/div>\n\t\t<div class=\"elementor-element elementor-element-07ca691 e-con-full e-flex e-con e-child\" data-id=\"07ca691\" data-element_type=\"container\" data-e-type=\"container\">\n\t\t\t\t<div class=\"elementor-element elementor-element-b4d24a0 animated-slow elementor-invisible elementor-widget elementor-widget-button\" data-id=\"b4d24a0\" data-element_type=\"widget\" data-e-type=\"widget\" data-settings=\"{&quot;_animation&quot;:&quot;fadeIn&quot;,&quot;_animation_delay&quot;:600}\" data-widget_type=\"button.default\">\n\t\t\t\t\t\t\t\t\t\t<a class=\"elementor-button elementor-button-link elementor-size-sm\" href=\"#\">\n\t\t\t\t\t\t<span class=\"elementor-button-content-wrapper\">\n\t\t\t\t\t\t\t\t\t<span class=\"elementor-button-text\">INFORME DE PRUEBAS DE WERS<\/span>\n\t\t\t\t\t<\/span>\n\t\t\t\t\t<\/a>\n\t\t\t\t\t\t\t\t<\/div>\n\t\t\t\t<\/div>\n\t\t<div class=\"elementor-element elementor-element-b351140 e-con-full e-flex e-con e-child\" data-id=\"b351140\" data-element_type=\"container\" data-e-type=\"container\">\n\t\t\t\t<div class=\"elementor-element elementor-element-648231a animated-slow elementor-invisible elementor-widget elementor-widget-button\" data-id=\"648231a\" data-element_type=\"widget\" data-e-type=\"widget\" data-settings=\"{&quot;_animation&quot;:&quot;fadeIn&quot;,&quot;_animation_delay&quot;:800}\" data-widget_type=\"button.default\">\n\t\t\t\t\t\t\t\t\t\t<a class=\"elementor-button elementor-button-link elementor-size-sm\" href=\"#\">\n\t\t\t\t\t\t<span class=\"elementor-button-content-wrapper\">\n\t\t\t\t\t\t\t\t\t<span class=\"elementor-button-text\">INFORME DE PRUEBAS DE RESISTENCIA A LAS Balas<\/span>\n\t\t\t\t\t<\/span>\n\t\t\t\t\t<\/a>\n\t\t\t\t\t\t\t\t<\/div>\n\t\t\t\t<\/div>\n\t\t<div class=\"elementor-element elementor-element-25fc030 e-con-full e-flex e-con e-child\" data-id=\"25fc030\" data-element_type=\"container\" data-e-type=\"container\">\n\t\t\t\t<div class=\"elementor-element elementor-element-9a0ad8f animated-slow elementor-invisible elementor-widget elementor-widget-button\" data-id=\"9a0ad8f\" data-element_type=\"widget\" data-e-type=\"widget\" data-settings=\"{&quot;_animation&quot;:&quot;fadeIn&quot;,&quot;_animation_delay&quot;:800}\" data-widget_type=\"button.default\">\n\t\t\t\t\t\t\t\t\t\t<a class=\"elementor-button elementor-button-link elementor-size-sm\" href=\"#\">\n\t\t\t\t\t\t<span class=\"elementor-button-content-wrapper\">\n\t\t\t\t\t\t\t\t\t<span class=\"elementor-button-text\">INFORME DE PRUEBAS DE AZUMA<\/span>\n\t\t\t\t\t<\/span>\n\t\t\t\t\t<\/a>\n\t\t\t\t\t\t\t\t<\/div>\n\t\t\t\t<\/div>\n\t\t<div class=\"elementor-element elementor-element-c46a0b7 e-con-full e-flex e-con e-child\" data-id=\"c46a0b7\" data-element_type=\"container\" data-e-type=\"container\">\n\t\t\t\t<div class=\"elementor-element elementor-element-2684def animated-slow elementor-invisible elementor-widget elementor-widget-button\" data-id=\"2684def\" data-element_type=\"widget\" data-e-type=\"widget\" data-settings=\"{&quot;_animation&quot;:&quot;fadeIn&quot;,&quot;_animation_delay&quot;:1000}\" data-widget_type=\"button.default\">\n\t\t\t\t\t\t\t\t\t\t<a class=\"elementor-button elementor-button-link elementor-size-sm\" href=\"#\">\n\t\t\t\t\t\t<span class=\"elementor-button-content-wrapper\">\n\t\t\t\t\t\t\t\t\t<span class=\"elementor-button-text\">Condado de Miami-Dade - NOA<\/span>\n\t\t\t\t\t<\/span>\n\t\t\t\t\t<\/a>\n\t\t\t\t\t\t\t\t<\/div>\n\t\t\t\t<\/div>\n\t\t<div class=\"elementor-element elementor-element-e87ac77 e-con-full e-flex e-con e-child\" data-id=\"e87ac77\" data-element_type=\"container\" data-e-type=\"container\">\n\t\t\t\t<div class=\"elementor-element elementor-element-126d0d1 animated-slow elementor-invisible elementor-widget elementor-widget-button\" data-id=\"126d0d1\" data-element_type=\"widget\" data-e-type=\"widget\" data-settings=\"{&quot;_animation&quot;:&quot;fadeIn&quot;,&quot;_animation_delay&quot;:1200}\" data-widget_type=\"button.default\">\n\t\t\t\t\t\t\t\t\t\t<a class=\"elementor-button elementor-button-link elementor-size-sm\" href=\"#\">\n\t\t\t\t\t\t<span class=\"elementor-button-content-wrapper\">\n\t\t\t\t\t\t\t\t\t<span class=\"elementor-button-text\">Certificados de patente<\/span>\n\t\t\t\t\t<\/span>\n\t\t\t\t\t<\/a>\n\t\t\t\t\t\t\t\t<\/div>\n\t\t\t\t<\/div>\n\t\t\t\t<\/div>\n\t\t<div class=\"elementor-element elementor-element-823f504 e-con-full e-flex e-con e-child\" data-id=\"823f504\" data-element_type=\"container\" data-e-type=\"container\">\n\t\t\t\t<div class=\"elementor-element elementor-element-22fca91 animated-slow elementor-invisible elementor-widget elementor-widget-text-editor\" data-id=\"22fca91\" data-element_type=\"widget\" data-e-type=\"widget\" data-settings=\"{&quot;_animation&quot;:&quot;fadeIn&quot;}\" data-widget_type=\"text-editor.default\">\n\t\t\t\t\t\t\t\t\t<p>Datos globales sobre certificaci\u00f3n y rendimiento<\/p>\t\t\t\t\t\t\t\t<\/div>\n\t\t\t\t<div class=\"elementor-element elementor-element-5574e63 animated-slow elementor-invisible elementor-widget elementor-widget-text-editor\" data-id=\"5574e63\" data-element_type=\"widget\" data-e-type=\"widget\" data-settings=\"{&quot;_animation&quot;:&quot;fadeIn&quot;}\" data-widget_type=\"text-editor.default\">\n\t\t\t\t\t\t\t\t\t<p>En Alloy Pro, la calidad es verificable. Sometemos nuestros productos a los est\u00e1ndares de prueba m\u00e1s rigurosos del mundo para garantizar su seguridad y durabilidad.<\/p>\t\t\t\t\t\t\t\t<\/div>\n\t\t\t\t<div class=\"elementor-element elementor-element-e027ee7 animated-slow elementor-invisible elementor-widget elementor-widget-text-editor\" data-id=\"e027ee7\" data-element_type=\"widget\" data-e-type=\"widget\" data-settings=\"{&quot;_animation&quot;:&quot;fadeIn&quot;}\" data-widget_type=\"text-editor.default\">\n\t\t\t\t\t\t\t\t\t<p>Dise\u00f1ados con precisi\u00f3n alemana, nuestros sistemas superan sistem\u00e1ticamente los requisitos internacionales en materia de estanqueidad al aire, permeabilidad al agua e integridad estructural. Todos los informes de pruebas que se enumeran a continuaci\u00f3n son aut\u00e9nticos y verificables.<\/p>\t\t\t\t\t\t\t\t<\/div>\n\t\t\t\t<div class=\"elementor-element elementor-element-077baae animated-slow elementor-invisible elementor-widget elementor-widget-image\" data-id=\"077baae\" data-element_type=\"widget\" data-e-type=\"widget\" data-settings=\"{&quot;_animation&quot;:&quot;fadeIn&quot;}\" data-widget_type=\"image.default\">\n\t\t\t\t\t\t\t\t\t\t\t\t\t\t\t<img decoding=\"async\" width=\"516\" height=\"273\" src=\"https:\/\/alloypro.net\/wp-content\/uploads\/2026\/01\/test-1.png\" class=\"attachment-large size-large wp-image-5196\" alt=\"\" srcset=\"https:\/\/alloypro.net\/wp-content\/uploads\/2026\/01\/test-1.png 516w, https:\/\/alloypro.net\/wp-content\/uploads\/2026\/01\/test-1-300x159.png 300w\" sizes=\"(max-width: 516px) 100vw, 516px\" \/>\t\t\t\t\t\t\t\t\t\t\t\t\t\t\t<\/div>\n\t\t\t\t<div class=\"elementor-element elementor-element-31e6ac1 animated-slow elementor-invisible elementor-widget elementor-widget-text-editor\" data-id=\"31e6ac1\" data-element_type=\"widget\" data-e-type=\"widget\" data-settings=\"{&quot;_animation&quot;:&quot;fadeIn&quot;}\" data-widget_type=\"text-editor.default\">\n\t\t\t\t\t\t\t\t\t<p>Verificado por laboratorios de primer nivel<\/p>\t\t\t\t\t\t\t\t<\/div>\n\t\t<div class=\"elementor-element elementor-element-81d12e2 e-con-full animated-slow e-flex elementor-invisible e-con e-child\" data-id=\"81d12e2\" data-element_type=\"container\" data-e-type=\"container\" data-settings=\"{&quot;animation&quot;:&quot;fadeIn&quot;}\">\n\t\t\t\t<div class=\"elementor-element elementor-element-6d522cc elementor-widget elementor-widget-text-editor\" data-id=\"6d522cc\" data-element_type=\"widget\" data-e-type=\"widget\" data-widget_type=\"text-editor.default\">\n\t\t\t\t\t\t\t\t\t<p>Alloy Pro es pionera en el cumplimiento normativo a nivel mundial. Somos uno de los primeros fabricantes en obtener el certificado AS2047 aut\u00e9ntico de SAI Global. Para garantizar una calidad sin concesiones, realizamos nuestras pruebas de rendimiento en AZUMA, en S\u00eddney, el laboratorio de pruebas m\u00e1s prestigioso de Australia.<\/p>\t\t\t\t\t\t\t\t<\/div>\n\t\t\t\t<div class=\"elementor-element elementor-element-2751dd4 elementor-widget elementor-widget-text-editor\" data-id=\"2751dd4\" data-element_type=\"widget\" data-e-type=\"widget\" data-widget_type=\"text-editor.default\">\n\t\t\t\t\t\t\t\t\t<p>M\u00e1s all\u00e1 de Australia, nuestros productos cumplen con las estrictas normas NFRC y Miami-Dade para el mercado estadounidense. Como miembros de la Asociaci\u00f3n Australiana de Vidrio y Ventanas (AGWA), nos dedicamos a ofrecer sistemas de ventanas y puertas que garantizan durabilidad, seguridad y eficiencia energ\u00e9tica certificadas para sus proyectos.<\/p>\t\t\t\t\t\t\t\t<\/div>\n\t\t\t\t<\/div>\n\t\t\t\t<div class=\"elementor-element elementor-element-7244e72 elementor-widget elementor-widget-image\" data-id=\"7244e72\" data-element_type=\"widget\" data-e-type=\"widget\" data-widget_type=\"image.default\">\n\t\t\t\t\t\t\t\t\t\t\t\t\t\t\t<img decoding=\"async\" width=\"1024\" height=\"576\" src=\"https:\/\/alloypro.net\/wp-content\/uploads\/2026\/01\/test-1-1-1024x576.png\" class=\"attachment-large size-large wp-image-5206\" alt=\"\" srcset=\"https:\/\/alloypro.net\/wp-content\/uploads\/2026\/01\/test-1-1-1024x576.png 1024w, https:\/\/alloypro.net\/wp-content\/uploads\/2026\/01\/test-1-1-300x169.png 300w, https:\/\/alloypro.net\/wp-content\/uploads\/2026\/01\/test-1-1-768x432.png 768w, https:\/\/alloypro.net\/wp-content\/uploads\/2026\/01\/test-1-1-1536x864.png 1536w, https:\/\/alloypro.net\/wp-content\/uploads\/2026\/01\/test-1-1-2048x1152.png 2048w, https:\/\/alloypro.net\/wp-content\/uploads\/2026\/01\/test-1-1-600x337.png 600w\" sizes=\"(max-width: 1024px) 100vw, 1024px\" \/>\t\t\t\t\t\t\t\t\t\t\t\t\t\t\t<\/div>\n\t\t\t\t<div class=\"elementor-element elementor-element-b381152 elementor-widget elementor-widget-text-editor\" data-id=\"b381152\" data-element_type=\"widget\" data-e-type=\"widget\" data-widget_type=\"text-editor.default\">\n\t\t\t\t\t\t\t\t\t<p>Pruebas de rendimiento<\/p>\t\t\t\t\t\t\t\t<\/div>\n\t\t\t\t<div class=\"elementor-element elementor-element-a2ee5fe elementor-widget elementor-widget-text-editor\" data-id=\"a2ee5fe\" data-element_type=\"widget\" data-e-type=\"widget\" data-widget_type=\"text-editor.default\">\n\t\t\t\t\t\t\t\t\t<p>Los productos Alloy Pro est\u00e1n dise\u00f1ados no solo para cumplir, sino para superar las normas internacionales. Aprovechamos las rigurosas pruebas y los comentarios del mercado para perfeccionar continuamente nuestros sistemas de ventanas. Todos los informes de pruebas que se enumeran a continuaci\u00f3n son aut\u00e9nticos y verificables, y reflejan nuestro compromiso fundamental con la seguridad, la durabilidad y la excelencia en ingenier\u00eda.<\/p>\t\t\t\t\t\t\t\t<\/div>\n\t\t<div class=\"elementor-element elementor-element-3f88c1b e-con-full e-flex e-con e-child\" data-id=\"3f88c1b\" data-element_type=\"container\" data-e-type=\"container\">\n\t\t<div class=\"elementor-element elementor-element-f985593 e-con-full e-flex e-con e-child\" data-id=\"f985593\" data-element_type=\"container\" data-e-type=\"container\">\n\t\t\t\t<div class=\"elementor-element elementor-element-3bdcc91 elementor-widget elementor-widget-text-editor\" data-id=\"3bdcc91\" data-element_type=\"widget\" data-e-type=\"widget\" data-widget_type=\"text-editor.default\">\n\t\t\t\t\t\t\t\t\t<ul><li>Informe de ensayo AS2047<\/li><li>Informe de pruebas de Florida<\/li><li>Informe de pruebas de la NFRC<\/li><\/ul>\t\t\t\t\t\t\t\t<\/div>\n\t\t\t\t<\/div>\n\t\t<div class=\"elementor-element elementor-element-04da23c e-con-full e-flex e-con e-child\" data-id=\"04da23c\" data-element_type=\"container\" data-e-type=\"container\">\n\t\t\t\t<div class=\"elementor-element elementor-element-224b470 elementor-widget elementor-widget-text-editor\" data-id=\"224b470\" data-element_type=\"widget\" data-e-type=\"widget\" data-widget_type=\"text-editor.default\">\n\t\t\t\t\t\t\t\t\t<ul><li>Informe de ensayo AS2047<\/li><li>Informe de pruebas de Florida<\/li><li>Informe de pruebas de la NFRC<\/li><\/ul>\t\t\t\t\t\t\t\t<\/div>\n\t\t\t\t<\/div>\n\t\t\t\t<\/div>\n\t\t\t\t<\/div>\n\t\t\t\t<\/div>\n\t\t\t\t\t<\/div>\n\t\t\t\t<\/div>\n\t\t\t\t<\/div>","protected":false},"excerpt":{"rendered":"<p>AS2047 TEST REPORT FLORIDA TEST REPORT NFRC TEST REPORT WERS TEST REPORT BULLETPROOF TEST REPORT AZUMA TEST REPORT MiamiDade County-NOA [&hellip;]<\/p>\n","protected":false},"author":1,"featured_media":0,"parent":0,"menu_order":0,"comment_status":"closed","ping_status":"closed","template":"","meta":{"_acf_changed":false,"om_disable_all_campaigns":false,"_monsterinsights_skip_tracking":false,"_monsterinsights_sitenote_active":false,"_monsterinsights_sitenote_note":"","_monsterinsights_sitenote_category":0,"site-sidebar-layout":"no-sidebar","site-content-layout":"","ast-site-content-layout":"full-width-container","site-content-style":"default","site-sidebar-style":"default","ast-global-header-display":"","ast-banner-title-visibility":"","ast-main-header-display":"","ast-hfb-above-header-display":"","ast-hfb-below-header-display":"","ast-hfb-mobile-header-display":"","site-post-title":"disabled","ast-breadcrumbs-content":"","ast-featured-img":"disabled","footer-sml-layout":"","ast-disable-related-posts":"","theme-transparent-header-meta":"","adv-header-id-meta":"","stick-header-meta":"","header-above-stick-meta":"","header-main-stick-meta":"","header-below-stick-meta":"","astra-migrate-meta-layouts":"default","ast-page-background-enabled":"default","ast-page-background-meta":{"desktop":{"background-color":"var(--ast-global-color-5)","background-image":"","background-repeat":"repeat","background-position":"center center","background-size":"auto","background-attachment":"scroll","background-type":"","background-media":"","overlay-type":"","overlay-color":"","overlay-opacity":"","overlay-gradient":""},"tablet":{"background-color":"","background-image":"","background-repeat":"repeat","background-position":"center center","background-size":"auto","background-attachment":"scroll","background-type":"","background-media":"","overlay-type":"","overlay-color":"","overlay-opacity":"","overlay-gradient":""},"mobile":{"background-color":"","background-image":"","background-repeat":"repeat","background-position":"center center","background-size":"auto","background-attachment":"scroll","background-type":"","background-media":"","overlay-type":"","overlay-color":"","overlay-opacity":"","overlay-gradient":""}},"ast-content-background-meta":{"desktop":{"background-color":"var(--ast-global-color-4)","background-image":"","background-repeat":"repeat","background-position":"center center","background-size":"auto","background-attachment":"scroll","background-type":"","background-media":"","overlay-type":"","overlay-color":"","overlay-opacity":"","overlay-gradient":""},"tablet":{"background-color":"var(--ast-global-color-4)","background-image":"","background-repeat":"repeat","background-position":"center center","background-size":"auto","background-attachment":"scroll","background-type":"","background-media":"","overlay-type":"","overlay-color":"","overlay-opacity":"","overlay-gradient":""},"mobile":{"background-color":"var(--ast-global-color-4)","background-image":"","background-repeat":"repeat","background-position":"center center","background-size":"auto","background-attachment":"scroll","background-type":"","background-media":"","overlay-type":"","overlay-color":"","overlay-opacity":"","overlay-gradient":""}},"footnotes":""},"class_list":["post-3102","page","type-page","status-publish","hentry"],"acf":[],"aioseo_notices":[],"_links":{"self":[{"href":"https:\/\/alloypro.net\/es\/wp-json\/wp\/v2\/pages\/3102","targetHints":{"allow":["GET"]}}],"collection":[{"href":"https:\/\/alloypro.net\/es\/wp-json\/wp\/v2\/pages"}],"about":[{"href":"https:\/\/alloypro.net\/es\/wp-json\/wp\/v2\/types\/page"}],"author":[{"embeddable":true,"href":"https:\/\/alloypro.net\/es\/wp-json\/wp\/v2\/users\/1"}],"replies":[{"embeddable":true,"href":"https:\/\/alloypro.net\/es\/wp-json\/wp\/v2\/comments?post=3102"}],"version-history":[{"count":35,"href":"https:\/\/alloypro.net\/es\/wp-json\/wp\/v2\/pages\/3102\/revisions"}],"predecessor-version":[{"id":5236,"href":"https:\/\/alloypro.net\/es\/wp-json\/wp\/v2\/pages\/3102\/revisions\/5236"}],"wp:attachment":[{"href":"https:\/\/alloypro.net\/es\/wp-json\/wp\/v2\/media?parent=3102"}],"curies":[{"name":"wp","href":"https:\/\/api.w.org\/{rel}","templated":true}]}}