{"id":2046,"date":"2025-11-26T02:16:49","date_gmt":"2025-11-26T02:16:49","guid":{"rendered":"https:\/\/alloypro.net\/?post_type=product&#038;p=2046"},"modified":"2026-05-11T03:22:51","modified_gmt":"2026-05-11T03:22:51","slug":"rostfreie-alu-schiebetur","status":"publish","type":"product","link":"https:\/\/alloypro.net\/de\/product\/rust-proof-alu-sliding-door\/","title":{"rendered":"Schiebet\u00fcr"},"content":{"rendered":"<h2>Norm:AS2047<\/h2>\n<ul>\n<li>Ausf\u00fchrung SLS:600pa<\/li>\n<li>Design Wasserbest\u00e4ndigkeit:200pa<\/li>\n<li>SHGC-Bereich:0,38-0,65<\/li>\n<li>ULS:1400pa<\/li>\n<li>UR Bereich:2.5-3.5<\/li>\n<li>Schalld\u00e4mmung:&lt;36db<\/li>\n<\/ul>\n<div style=\"position: absolute; left: -9999px; width: 1px; height: 1px; overflow: hidden;\">Unsere Aluminiumfenster und -t\u00fcren sind vollst\u00e4ndig nach der australischen Norm AS2047 zertifiziert und gew\u00e4hrleisten eine zuverl\u00e4ssige Leistung in Wohngeb\u00e4uden und leichten gewerblichen Anwendungen in ganz Australien. Mit einem Design SLS von 600pa und ULS von 1400pa bieten sie eine robuste strukturelle Stabilit\u00e4t gegen m\u00e4\u00dfige bis hohe Windlasten, wodurch sie f\u00fcr eine Vielzahl von st\u00e4dtischen und vorst\u00e4dtischen Standorten geeignet sind. Der Design-Wasserwiderstand von 200pa bietet wirksamen Schutz gegen das Eindringen von Regen, verhindert Undichtigkeiten und sorgt f\u00fcr ein trockenes, angenehmes Raumklima. Der SHGC-Wert von 0,38-0,65 sorgt f\u00fcr ein Gleichgewicht zwischen nat\u00fcrlicher Lichtdurchl\u00e4ssigkeit und Sonnenw\u00e4rmekontrolle, optimiert die Energieeffizienz und reduziert die Abh\u00e4ngigkeit von k\u00fcnstlicher Beleuchtung und Klimaanlagen. Der UR-Bereich von 2,5-3,5 minimiert Luftlecks und erh\u00f6ht den thermischen Komfort, w\u00e4hrend die Schalld\u00e4mmung von &lt;36db einen ruhigen Lebensraum schafft, indem sie Au\u00dfenger\u00e4usche wie Verkehr und Nachbarschaftsaktivit\u00e4ten blockiert. Unsere aus hochwertigen Aluminiumlegierungen gefertigten Produkte sind langlebig, korrosionsbest\u00e4ndig und erfordern w\u00e4hrend ihrer gesamten Lebensdauer nur minimale Wartung. Erkunden Sie unser <a href=\"\/de\/products\/\">vollst\u00e4ndige Palette an AS2047-zertifizierten Produkten<\/a> um die perfekte L\u00f6sung f\u00fcr Ihr Bauprojekt zu finden, auf die die <a href=\"https:\/\/www.aluminium.org\/\">Aluminium-Verband<\/a> f\u00fcr Qualit\u00e4t und Konformit\u00e4t.<\/div>","protected":false},"excerpt":{"rendered":"<p>Standard:AS2047 Design SLS:600pa Design Water Resistance:200pa SHGC Range:0.38-0.65 ULS:1400pa UR Range:2.5-3.5 Sound Insulation:&lt;36db Our aluminium windows and doors are fully [&hellip;]<\/p>\n","protected":false},"featured_media":2050,"template":"","meta":{"_acf_changed":false,"om_disable_all_campaigns":false,"_monsterinsights_skip_tracking":false,"_monsterinsights_sitenote_active":false,"_monsterinsights_sitenote_note":"","_monsterinsights_sitenote_category":0,"site-sidebar-layout":"default","site-content-layout":"","ast-site-content-layout":"default","site-content-style":"default","site-sidebar-style":"default","ast-global-header-display":"","ast-banner-title-visibility":"","ast-main-header-display":"","ast-hfb-above-header-display":"","ast-hfb-below-header-display":"","ast-hfb-mobile-header-display":"","site-post-title":"","ast-breadcrumbs-content":"","ast-featured-img":"","footer-sml-layout":"","ast-disable-related-posts":"","theme-transparent-header-meta":"default","adv-header-id-meta":"","stick-header-meta":"","header-above-stick-meta":"","header-main-stick-meta":"","header-below-stick-meta":"","astra-migrate-meta-layouts":"set","ast-page-background-enabled":"default","ast-page-background-meta":{"desktop":{"background-color":"var(--ast-global-color-5)","background-image":"","background-repeat":"repeat","background-position":"center center","background-size":"auto","background-attachment":"scroll","background-type":"","background-media":"","overlay-type":"","overlay-color":"","overlay-opacity":"","overlay-gradient":""},"tablet":{"background-color":"","background-image":"","background-repeat":"repeat","background-position":"center center","background-size":"auto","background-attachment":"scroll","background-type":"","background-media":"","overlay-type":"","overlay-color":"","overlay-opacity":"","overlay-gradient":""},"mobile":{"background-color":"","background-image":"","background-repeat":"repeat","background-position":"center center","background-size":"auto","background-attachment":"scroll","background-type":"","background-media":"","overlay-type":"","overlay-color":"","overlay-opacity":"","overlay-gradient":""}},"ast-content-background-meta":{"desktop":{"background-color":"var(--ast-global-color-4)","background-image":"","background-repeat":"repeat","background-position":"center center","background-size":"auto","background-attachment":"scroll","background-type":"","background-media":"","overlay-type":"","overlay-color":"","overlay-opacity":"","overlay-gradient":""},"tablet":{"background-color":"var(--ast-global-color-4)","background-image":"","background-repeat":"repeat","background-position":"center center","background-size":"auto","background-attachment":"scroll","background-type":"","background-media":"","overlay-type":"","overlay-color":"","overlay-opacity":"","overlay-gradient":""},"mobile":{"background-color":"var(--ast-global-color-4)","background-image":"","background-repeat":"repeat","background-position":"center center","background-size":"auto","background-attachment":"scroll","background-type":"","background-media":"","overlay-type":"","overlay-color":"","overlay-opacity":"","overlay-gradient":""}}},"product_brand":[],"product_cat":[172],"product_tag":[],"class_list":{"0":"post-2046","1":"product","2":"type-product","3":"status-publish","4":"has-post-thumbnail","6":"product_cat-doors","7":"desktop-align-left","8":"tablet-align-left","9":"mobile-align-left","11":"first","12":"instock","13":"shipping-taxable","14":"product-type-simple"},"acf":[],"aioseo_notices":[],"_links":{"self":[{"href":"https:\/\/alloypro.net\/de\/wp-json\/wp\/v2\/product\/2046","targetHints":{"allow":["GET"]}}],"collection":[{"href":"https:\/\/alloypro.net\/de\/wp-json\/wp\/v2\/product"}],"about":[{"href":"https:\/\/alloypro.net\/de\/wp-json\/wp\/v2\/types\/product"}],"version-history":[{"count":23,"href":"https:\/\/alloypro.net\/de\/wp-json\/wp\/v2\/product\/2046\/revisions"}],"predecessor-version":[{"id":6593,"href":"https:\/\/alloypro.net\/de\/wp-json\/wp\/v2\/product\/2046\/revisions\/6593"}],"wp:featuredmedia":[{"embeddable":true,"href":"https:\/\/alloypro.net\/de\/wp-json\/wp\/v2\/media\/2050"}],"wp:attachment":[{"href":"https:\/\/alloypro.net\/de\/wp-json\/wp\/v2\/media?parent=2046"}],"wp:term":[{"taxonomy":"product_brand","embeddable":true,"href":"https:\/\/alloypro.net\/de\/wp-json\/wp\/v2\/product_brand?post=2046"},{"taxonomy":"product_cat","embeddable":true,"href":"https:\/\/alloypro.net\/de\/wp-json\/wp\/v2\/product_cat?post=2046"},{"taxonomy":"product_tag","embeddable":true,"href":"https:\/\/alloypro.net\/de\/wp-json\/wp\/v2\/product_tag?post=2046"}],"curies":[{"name":"wp","href":"https:\/\/api.w.org\/{rel}","templated":true}]}}