{"id":3263,"date":"2025-12-17T09:04:55","date_gmt":"2025-12-17T09:04:55","guid":{"rendered":"https:\/\/alloypro.net\/?page_id=3263"},"modified":"2026-01-16T03:21:30","modified_gmt":"2026-01-16T03:21:30","slug":"as2047-nfrc-zertifiziert","status":"publish","type":"page","link":"https:\/\/alloypro.net\/de\/as2047-nfrc-certified\/","title":{"rendered":"Bescheinigungen"},"content":{"rendered":"<div data-elementor-type=\"wp-page\" data-elementor-id=\"3263\" class=\"elementor elementor-3263\" data-elementor-post-type=\"page\">\n\t\t\t\t<div class=\"elementor-element elementor-element-618e20e e-flex e-con-boxed e-con e-parent\" data-id=\"618e20e\" data-element_type=\"container\" data-e-type=\"container\" data-settings=\"{&quot;background_background&quot;:&quot;classic&quot;}\">\n\t\t\t\t\t<div class=\"e-con-inner\">\n\t\t\t\t<div class=\"elementor-element elementor-element-3efb926 elementor-widget elementor-widget-image\" data-id=\"3efb926\" data-element_type=\"widget\" data-e-type=\"widget\" data-widget_type=\"image.default\">\n\t\t\t\t\t\t\t\t\t\t\t\t\t\t\t<img fetchpriority=\"high\" decoding=\"async\" width=\"1920\" height=\"360\" src=\"https:\/\/alloypro.net\/wp-content\/uploads\/2025\/12\/Superhouse-certificates-banner-1.jpg\" class=\"attachment-2048x2048 size-2048x2048 wp-image-3265\" alt=\"\" srcset=\"https:\/\/alloypro.net\/wp-content\/uploads\/2025\/12\/Superhouse-certificates-banner-1.jpg 1920w, https:\/\/alloypro.net\/wp-content\/uploads\/2025\/12\/Superhouse-certificates-banner-1-300x56.jpg 300w, https:\/\/alloypro.net\/wp-content\/uploads\/2025\/12\/Superhouse-certificates-banner-1-1024x192.jpg 1024w, https:\/\/alloypro.net\/wp-content\/uploads\/2025\/12\/Superhouse-certificates-banner-1-768x144.jpg 768w, https:\/\/alloypro.net\/wp-content\/uploads\/2025\/12\/Superhouse-certificates-banner-1-1536x288.jpg 1536w, https:\/\/alloypro.net\/wp-content\/uploads\/2025\/12\/Superhouse-certificates-banner-1-600x113.jpg 600w\" sizes=\"(max-width: 1920px) 100vw, 1920px\" \/>\t\t\t\t\t\t\t\t\t\t\t\t\t\t\t<\/div>\n\t\t\t\t\t<\/div>\n\t\t\t\t<\/div>\n\t\t<div class=\"elementor-element elementor-element-0e36d32 e-flex e-con-boxed e-con e-parent\" data-id=\"0e36d32\" data-element_type=\"container\" data-e-type=\"container\">\n\t\t\t\t\t<div class=\"e-con-inner\">\n\t\t<div class=\"elementor-element elementor-element-53e295b e-con-full container e-flex e-con e-child\" data-id=\"53e295b\" data-element_type=\"container\" data-e-type=\"container\">\n\t\t<div class=\"elementor-element elementor-element-7667765 e-con-full e-flex e-con e-child\" data-id=\"7667765\" data-element_type=\"container\" data-e-type=\"container\">\n\t\t\t\t<div class=\"elementor-element elementor-element-70f982a elementor-widget elementor-widget-woocommerce-breadcrumb\" data-id=\"70f982a\" data-element_type=\"widget\" data-e-type=\"widget\" data-widget_type=\"woocommerce-breadcrumb.default\">\n\t\t\t\t\t<nav class=\"woocommerce-breadcrumb\" aria-label=\"Breadcrumb\" data-no-translation=\"\" data-trp-gettext=\"\">Start<\/nav>\t\t\t\t<\/div>\n\t\t<div class=\"elementor-element elementor-element-f13cc1e e-con-full e-flex e-con e-child\" data-id=\"f13cc1e\" data-element_type=\"container\" data-e-type=\"container\">\n\t\t<div class=\"elementor-element elementor-element-62769a2 e-con-full animated-slow e-flex elementor-invisible e-con e-child\" data-id=\"62769a2\" data-element_type=\"container\" data-e-type=\"container\" data-settings=\"{&quot;animation&quot;:&quot;fadeIn&quot;}\">\n\t\t\t\t<div class=\"elementor-element elementor-element-3aa0798 elementor-widget elementor-widget-text-editor\" data-id=\"3aa0798\" data-element_type=\"widget\" data-e-type=\"widget\" data-widget_type=\"text-editor.default\">\n\t\t\t\t\t\t\t\t\t<p>Hochwertige AS2047- und NFRC-zertifizierte Produkte<\/p>\t\t\t\t\t\t\t\t<\/div>\n\t\t\t\t<div class=\"elementor-element elementor-element-f6ff5ad elementor-widget elementor-widget-text-editor\" data-id=\"f6ff5ad\" data-element_type=\"widget\" data-e-type=\"widget\" data-widget_type=\"text-editor.default\">\n\t\t\t\t\t\t\t\t\t<p>Compliance ist der Schl\u00fcssel zu globalen Projekten. Alloy Pro ist stolz darauf, AS2047- und NFRC-zertifizierte Fenster- und T\u00fcrl\u00f6sungen anzubieten. Unsere Produkte haben die strengen Tests von SAI Global (f\u00fcr Australien) und NFRC (f\u00fcr Nordamerika) bestanden und damit bewiesen, dass sie die h\u00f6chsten Standards f\u00fcr Wasserdichtigkeit, Luftinfiltration und thermische Effizienz erf\u00fcllen. Wenn Sie sich f\u00fcr unsere AS2047- und NFRC-zertifizierten Systeme entscheiden, entscheiden Sie sich f\u00fcr garantierte Sicherheit und Haltbarkeit.<\/p>\t\t\t\t\t\t\t\t<\/div>\n\t\t\t\t<\/div>\n\t\t<div class=\"elementor-element elementor-element-0d5296f e-grid e-con-full e-con e-child\" data-id=\"0d5296f\" data-element_type=\"container\" data-e-type=\"container\">\n\t\t<div class=\"elementor-element elementor-element-88d5bfd e-con-full animated-slow e-flex elementor-invisible e-con e-child\" data-id=\"88d5bfd\" data-element_type=\"container\" data-e-type=\"container\" data-settings=\"{&quot;animation&quot;:&quot;fadeIn&quot;,&quot;animation_delay&quot;:200}\">\n\t\t<div class=\"elementor-element elementor-element-e29dce3 e-con-full e-flex e-con e-child\" data-id=\"e29dce3\" data-element_type=\"container\" data-e-type=\"container\">\n\t\t\t\t<div class=\"elementor-element elementor-element-a0a807b elementor-widget elementor-widget-image\" data-id=\"a0a807b\" data-element_type=\"widget\" data-e-type=\"widget\" data-widget_type=\"image.default\">\n\t\t\t\t\t\t\t\t\t\t\t\t\t\t\t<img decoding=\"async\" width=\"65\" height=\"65\" src=\"https:\/\/alloypro.net\/wp-content\/uploads\/2025\/12\/AS2047-1-65x65-1.jpg\" class=\"attachment-large size-large wp-image-3273\" alt=\"\" \/>\t\t\t\t\t\t\t\t\t\t\t\t\t\t\t<\/div>\n\t\t\t\t<\/div>\n\t\t\t\t<div class=\"elementor-element elementor-element-bb33f9d elementor-widget elementor-widget-text-editor\" data-id=\"bb33f9d\" data-element_type=\"widget\" data-e-type=\"widget\" data-widget_type=\"text-editor.default\">\n\t\t\t\t\t\t\t\t\t<p>AS2047<\/p>\t\t\t\t\t\t\t\t<\/div>\n\t\t\t\t<div class=\"elementor-element elementor-element-efcfc39 elementor-widget elementor-widget-text-editor\" data-id=\"efcfc39\" data-element_type=\"widget\" data-e-type=\"widget\" data-widget_type=\"text-editor.default\">\n\t\t\t\t\t\t\t\t\t<p>Authentisches AS2047-Zertifikat von Sai Global<\/p>\t\t\t\t\t\t\t\t<\/div>\n\t\t\t\t<\/div>\n\t\t<div class=\"elementor-element elementor-element-86d1809 e-con-full animated-slow e-flex elementor-invisible e-con e-child\" data-id=\"86d1809\" data-element_type=\"container\" data-e-type=\"container\" data-settings=\"{&quot;animation&quot;:&quot;fadeIn&quot;,&quot;animation_delay&quot;:400}\">\n\t\t<div class=\"elementor-element elementor-element-59187d3 e-con-full e-flex e-con e-child\" data-id=\"59187d3\" data-element_type=\"container\" data-e-type=\"container\">\n\t\t\t\t<div class=\"elementor-element elementor-element-35f191d elementor-widget elementor-widget-image\" data-id=\"35f191d\" data-element_type=\"widget\" data-e-type=\"widget\" data-widget_type=\"image.default\">\n\t\t\t\t\t\t\t\t\t\t\t\t\t\t\t<img decoding=\"async\" width=\"65\" height=\"65\" src=\"https:\/\/alloypro.net\/wp-content\/uploads\/2025\/12\/NFRC-1-65x65-1.jpg\" class=\"attachment-large size-large wp-image-3274\" alt=\"\" \/>\t\t\t\t\t\t\t\t\t\t\t\t\t\t\t<\/div>\n\t\t\t\t<\/div>\n\t\t\t\t<div class=\"elementor-element elementor-element-4795ce5 elementor-widget elementor-widget-text-editor\" data-id=\"4795ce5\" data-element_type=\"widget\" data-e-type=\"widget\" data-widget_type=\"text-editor.default\">\n\t\t\t\t\t\t\t\t\t<p>NFRC<\/p>\t\t\t\t\t\t\t\t<\/div>\n\t\t\t\t<div class=\"elementor-element elementor-element-4b68207 elementor-widget elementor-widget-text-editor\" data-id=\"4b68207\" data-element_type=\"widget\" data-e-type=\"widget\" data-widget_type=\"text-editor.default\">\n\t\t\t\t\t\t\t\t\t<p>Entspricht dem nordamerikanischen NFRC-Standard<\/p>\t\t\t\t\t\t\t\t<\/div>\n\t\t\t\t<\/div>\n\t\t<div class=\"elementor-element elementor-element-af550eb e-con-full animated-slow e-flex elementor-invisible e-con e-child\" data-id=\"af550eb\" data-element_type=\"container\" data-e-type=\"container\" data-settings=\"{&quot;animation&quot;:&quot;fadeIn&quot;,&quot;animation_delay&quot;:600}\">\n\t\t<div class=\"elementor-element elementor-element-2f517b0 e-con-full e-flex e-con e-child\" data-id=\"2f517b0\" data-element_type=\"container\" data-e-type=\"container\">\n\t\t\t\t<div class=\"elementor-element elementor-element-f4a600e elementor-widget elementor-widget-image\" data-id=\"f4a600e\" data-element_type=\"widget\" data-e-type=\"widget\" data-widget_type=\"image.default\">\n\t\t\t\t\t\t\t\t\t\t\t\t\t\t\t<img loading=\"lazy\" decoding=\"async\" width=\"65\" height=\"65\" src=\"https:\/\/alloypro.net\/wp-content\/uploads\/2025\/12\/Florida-approval.jpg\" class=\"attachment-large size-large wp-image-3275\" alt=\"\" \/>\t\t\t\t\t\t\t\t\t\t\t\t\t\t\t<\/div>\n\t\t\t\t<\/div>\n\t\t\t\t<div class=\"elementor-element elementor-element-4be80b2 elementor-widget elementor-widget-text-editor\" data-id=\"4be80b2\" data-element_type=\"widget\" data-e-type=\"widget\" data-widget_type=\"text-editor.default\">\n\t\t\t\t\t\t\t\t\t<p>Florida-Zulassung<\/p>\t\t\t\t\t\t\t\t<\/div>\n\t\t\t\t<div class=\"elementor-element elementor-element-8d75a26 elementor-widget elementor-widget-text-editor\" data-id=\"8d75a26\" data-element_type=\"widget\" data-e-type=\"widget\" data-widget_type=\"text-editor.default\">\n\t\t\t\t\t\t\t\t\t<p>Unsere Produkte erhalten Zulassungen in Florida<\/p>\t\t\t\t\t\t\t\t<\/div>\n\t\t\t\t<\/div>\n\t\t\t\t<\/div>\n\t\t\t\t<\/div>\n\t\t<div class=\"elementor-element elementor-element-404b9a4 e-con-full animated-slow e-flex elementor-invisible e-con e-child\" data-id=\"404b9a4\" data-element_type=\"container\" data-e-type=\"container\" data-settings=\"{&quot;animation&quot;:&quot;fadeIn&quot;}\">\n\t\t<div class=\"elementor-element elementor-element-6845345 e-con-full e-flex e-con e-child\" data-id=\"6845345\" data-element_type=\"container\" data-e-type=\"container\">\n\t\t\t\t<div class=\"elementor-element elementor-element-fce519a elementor-widget elementor-widget-text-editor\" data-id=\"fce519a\" data-element_type=\"widget\" data-e-type=\"widget\" data-widget_type=\"text-editor.default\">\n\t\t\t\t\t\t\t\t\t<p>AS2047-zertifizierte Konformit\u00e4t<\/p>\t\t\t\t\t\t\t\t<\/div>\n\t\t<div class=\"elementor-element elementor-element-1e10b71 e-con-full e-flex e-con e-child\" data-id=\"1e10b71\" data-element_type=\"container\" data-e-type=\"container\">\n\t\t\t\t<div class=\"elementor-element elementor-element-ddbc0a7 elementor-widget elementor-widget-text-editor\" data-id=\"ddbc0a7\" data-element_type=\"widget\" data-e-type=\"widget\" data-widget_type=\"text-editor.default\">\n\t\t\t\t\t\t\t\t\t<div class=\"ds-message _63c77b1\"><div class=\"ds-markdown\"><p class=\"ds-markdown-paragraph\">Alloy Pro ist ein f\u00fchrender Anbieter mit dem authentischen AS2047- und NFRC-zertifizierten Status, der von SAI Global best\u00e4tigt wurde. Wir f\u00fchren strenge Fenstertests bei AZUMA, Australiens ma\u00dfgeblichem Labor, durch.<\/p><\/div><\/div>\t\t\t\t\t\t\t\t<\/div>\n\t\t\t\t<div class=\"elementor-element elementor-element-e405ba4 elementor-widget elementor-widget-text-editor\" data-id=\"e405ba4\" data-element_type=\"widget\" data-e-type=\"widget\" data-widget_type=\"text-editor.default\">\n\t\t\t\t\t\t\t\t\t<div class=\"ds-message _63c77b1\"><div class=\"ds-markdown\"><p class=\"ds-markdown-paragraph\">Wir sind bestrebt, den Wert Ihres Projekts mit Fenstern zu steigern, die f\u00fcr ihre hohe handwerkliche Qualit\u00e4t und Langlebigkeit bekannt sind. Als f\u00fchrender Lieferant in Australien ist Alloy Pro Mitglied der Australian Window Association (AWA). Unsere AS2047- und NFRC-zertifizierten Systeme halten sich strikt an die Qualit\u00e4tsmanagement-Standards und gew\u00e4hrleisten Effizienz, Produktivit\u00e4t und die p\u00fcnktliche Lieferung von hochwertigen Aluminiumprodukten.<\/p><\/div><\/div>\t\t\t\t\t\t\t\t<\/div>\n\t\t\t\t<\/div>\n\t\t\t\t<div class=\"elementor-element elementor-element-c8fc5de elementor-widget elementor-widget-button\" data-id=\"c8fc5de\" data-element_type=\"widget\" data-e-type=\"widget\" data-widget_type=\"button.default\">\n\t\t\t\t\t\t\t\t\t\t<a class=\"elementor-button elementor-button-link elementor-size-sm\" href=\"\/de\/as2047-nfrc-prufberichte\/\">\n\t\t\t\t\t\t<span class=\"elementor-button-content-wrapper\">\n\t\t\t\t\t\t\t\t\t<span class=\"elementor-button-text\">Testbericht<\/span>\n\t\t\t\t\t<\/span>\n\t\t\t\t\t<\/a>\n\t\t\t\t\t\t\t\t<\/div>\n\t\t\t\t<\/div>\n\t\t<div class=\"elementor-element elementor-element-9919156 e-con-full e-flex e-con e-child\" data-id=\"9919156\" data-element_type=\"container\" data-e-type=\"container\">\n\t\t\t\t<div class=\"elementor-element elementor-element-412e002 elementor-widget elementor-widget-image\" data-id=\"412e002\" data-element_type=\"widget\" data-e-type=\"widget\" data-widget_type=\"image.default\">\n\t\t\t\t\t\t\t\t\t\t\t\t\t\t\t<img loading=\"lazy\" decoding=\"async\" width=\"1024\" height=\"1024\" src=\"https:\/\/alloypro.net\/wp-content\/uploads\/2025\/12\/australia-1.jpg\" class=\"attachment-large size-large wp-image-3270\" alt=\"\" srcset=\"https:\/\/alloypro.net\/wp-content\/uploads\/2025\/12\/australia-1.jpg 1024w, https:\/\/alloypro.net\/wp-content\/uploads\/2025\/12\/australia-1-300x300.jpg 300w, https:\/\/alloypro.net\/wp-content\/uploads\/2025\/12\/australia-1-150x150.jpg 150w, https:\/\/alloypro.net\/wp-content\/uploads\/2025\/12\/australia-1-768x768.jpg 768w, https:\/\/alloypro.net\/wp-content\/uploads\/2025\/12\/australia-1-600x600.jpg 600w, https:\/\/alloypro.net\/wp-content\/uploads\/2025\/12\/australia-1-100x100.jpg 100w\" sizes=\"(max-width: 1024px) 100vw, 1024px\" \/>\t\t\t\t\t\t\t\t\t\t\t\t\t\t\t<\/div>\n\t\t\t\t<\/div>\n\t\t\t\t<\/div>\n\t\t<div class=\"elementor-element elementor-element-9a5919a e-con-full animated-slow e-flex elementor-invisible e-con e-child\" data-id=\"9a5919a\" data-element_type=\"container\" data-e-type=\"container\" data-settings=\"{&quot;animation&quot;:&quot;fadeIn&quot;}\">\n\t\t<div class=\"elementor-element elementor-element-8198851 e-con-full e-flex e-con e-child\" data-id=\"8198851\" data-element_type=\"container\" data-e-type=\"container\">\n\t\t\t\t<div class=\"elementor-element elementor-element-e224779 elementor-widget elementor-widget-image\" data-id=\"e224779\" data-element_type=\"widget\" data-e-type=\"widget\" data-widget_type=\"image.default\">\n\t\t\t\t\t\t\t\t\t\t\t\t\t\t\t<img loading=\"lazy\" decoding=\"async\" width=\"1023\" height=\"681\" src=\"https:\/\/alloypro.net\/wp-content\/uploads\/2025\/12\/north-American-map.jpg\" class=\"attachment-large size-large wp-image-3271\" alt=\"\" srcset=\"https:\/\/alloypro.net\/wp-content\/uploads\/2025\/12\/north-American-map.jpg 1023w, https:\/\/alloypro.net\/wp-content\/uploads\/2025\/12\/north-American-map-300x200.jpg 300w, https:\/\/alloypro.net\/wp-content\/uploads\/2025\/12\/north-American-map-768x511.jpg 768w, https:\/\/alloypro.net\/wp-content\/uploads\/2025\/12\/north-American-map-600x399.jpg 600w\" sizes=\"(max-width: 1023px) 100vw, 1023px\" \/>\t\t\t\t\t\t\t\t\t\t\t\t\t\t\t<\/div>\n\t\t\t\t<\/div>\n\t\t<div class=\"elementor-element elementor-element-b84b4df e-con-full e-flex e-con e-child\" data-id=\"b84b4df\" data-element_type=\"container\" data-e-type=\"container\">\n\t\t\t\t<div class=\"elementor-element elementor-element-9f26c97 elementor-widget elementor-widget-text-editor\" data-id=\"9f26c97\" data-element_type=\"widget\" data-e-type=\"widget\" data-widget_type=\"text-editor.default\">\n\t\t\t\t\t\t\t\t\t<p>NFRC-Energiebewertungen<\/p>\t\t\t\t\t\t\t\t<\/div>\n\t\t<div class=\"elementor-element elementor-element-8b05a35 e-con-full e-flex e-con e-child\" data-id=\"8b05a35\" data-element_type=\"container\" data-e-type=\"container\">\n\t\t\t\t<div class=\"elementor-element elementor-element-3463684 elementor-widget elementor-widget-text-editor\" data-id=\"3463684\" data-element_type=\"widget\" data-e-type=\"widget\" data-widget_type=\"text-editor.default\">\n\t\t\t\t\t\t\t\t\t<div class=\"ds-message _63c77b1\"><div class=\"ds-markdown\"><p class=\"ds-markdown-paragraph\">Um eine starke Pr\u00e4senz auf dem nordamerikanischen Markt zu etablieren, hat sich Alloy Pro durch 3 Jahre strenger Produktentwicklung und -pr\u00fcfung die lokalen Zertifizierungen gesichert. Unsere Produkte sind vollst\u00e4ndig AS2047- und NFRC-zertifiziert und erf\u00fcllen die strengen thermischen Leistungsstandards, die f\u00fcr moderne Energieeffizienz erforderlich sind.<\/p><\/div><\/div>\t\t\t\t\t\t\t\t<\/div>\n\t\t\t\t<div class=\"elementor-element elementor-element-cdc9218 elementor-widget elementor-widget-text-editor\" data-id=\"cdc9218\" data-element_type=\"widget\" data-e-type=\"widget\" data-widget_type=\"text-editor.default\">\n\t\t\t\t\t\t\t\t\t<div class=\"ds-message _63c77b1\"><div class=\"ds-markdown\"><p class=\"ds-markdown-paragraph\">Zus\u00e4tzlich zu den NFRC-Normen erf\u00fcllen unsere Fenster auch die Anforderungen von Florida Approval und Miami-Dade, so dass unsere AS2047- und NFRC-zertifizierten L\u00f6sungen f\u00fcr alle klimatischen Herausforderungen in den USA und Kanada geeignet sind.<\/p><\/div><\/div>\t\t\t\t\t\t\t\t<\/div>\n\t\t\t\t<\/div>\n\t\t\t\t<div class=\"elementor-element elementor-element-aa21707 elementor-widget elementor-widget-button\" data-id=\"aa21707\" data-element_type=\"widget\" data-e-type=\"widget\" data-widget_type=\"button.default\">\n\t\t\t\t\t\t\t\t\t\t<a class=\"elementor-button elementor-button-link elementor-size-sm\" href=\"\/de\/as2047-nfrc-prufberichte\/\">\n\t\t\t\t\t\t<span class=\"elementor-button-content-wrapper\">\n\t\t\t\t\t\t\t\t\t<span class=\"elementor-button-text\">Testbericht<\/span>\n\t\t\t\t\t<\/span>\n\t\t\t\t\t<\/a>\n\t\t\t\t\t\t\t\t<\/div>\n\t\t\t\t<\/div>\n\t\t\t\t<\/div>\n\t\t<div class=\"elementor-element elementor-element-9a4c353 e-con-full animated-slow e-flex elementor-invisible e-con e-child\" data-id=\"9a4c353\" data-element_type=\"container\" data-e-type=\"container\" data-settings=\"{&quot;animation&quot;:&quot;fadeIn&quot;}\">\n\t\t<div class=\"elementor-element elementor-element-d42b468 e-con-full e-flex e-con e-child\" data-id=\"d42b468\" data-element_type=\"container\" data-e-type=\"container\">\n\t\t\t\t<div class=\"elementor-element elementor-element-8ea0058 elementor-widget elementor-widget-text-editor\" data-id=\"8ea0058\" data-element_type=\"widget\" data-e-type=\"widget\" data-widget_type=\"text-editor.default\">\n\t\t\t\t\t\t\t\t\t<p>Florida Produktzulassung<\/p>\t\t\t\t\t\t\t\t<\/div>\n\t\t<div class=\"elementor-element elementor-element-d8c9f90 e-con-full e-flex e-con e-child\" data-id=\"d8c9f90\" data-element_type=\"container\" data-e-type=\"container\">\n\t\t\t\t<div class=\"elementor-element elementor-element-d27ecf0 elementor-widget elementor-widget-text-editor\" data-id=\"d27ecf0\" data-element_type=\"widget\" data-e-type=\"widget\" data-widget_type=\"text-editor.default\">\n\t\t\t\t\t\t\t\t\t<div class=\"ds-message _63c77b1\"><div class=\"ds-markdown\"><p class=\"ds-markdown-paragraph\">F\u00fcr Projekte in Hochgeschwindigkeits-Hurrikanzonen (HVHZ) bietet Alloy Pro \u00fcberlegene sto\u00dffeste L\u00f6sungen. Zwar ist kein Glas v\u00f6llig bruchsicher, aber unsere hurrikansicheren Fenster sind so konstruiert, dass sie brechen, ohne in gef\u00e4hrliche Scherben zu zerspringen, und die strukturelle Integrit\u00e4t bei St\u00fcrmen erhalten bleibt.<\/p><\/div><\/div>\t\t\t\t\t\t\t\t<\/div>\n\t\t\t\t<div class=\"elementor-element elementor-element-cf06bd8 elementor-widget elementor-widget-text-editor\" data-id=\"cf06bd8\" data-element_type=\"widget\" data-e-type=\"widget\" data-widget_type=\"text-editor.default\">\n\t\t\t\t\t\t\t\t\t<div class=\"ds-message _63c77b1\"><div class=\"ds-markdown\"><p class=\"ds-markdown-paragraph\">Erg\u00e4nzend zu unseren AS2047- und NFRC-zertifizierten Produkten verf\u00fcgt Alloy Pro \u00fcber spezielle Zulassungen nach der Bauordnung von Florida, darunter FL30906, FL30922, FL30923, FL29092, FL29474 und FL32506. Diese Zulassungen best\u00e4tigen unser Engagement f\u00fcr die Sicherheit unter extremen Wetterbedingungen.<\/p><\/div><\/div>\t\t\t\t\t\t\t\t<\/div>\n\t\t\t\t<\/div>\n\t\t\t\t<div class=\"elementor-element elementor-element-665ebef elementor-widget elementor-widget-button\" data-id=\"665ebef\" data-element_type=\"widget\" data-e-type=\"widget\" data-widget_type=\"button.default\">\n\t\t\t\t\t\t\t\t\t\t<a class=\"elementor-button elementor-button-link elementor-size-sm\" href=\"\/de\/as2047-nfrc-prufberichte\/\">\n\t\t\t\t\t\t<span class=\"elementor-button-content-wrapper\">\n\t\t\t\t\t\t\t\t\t<span class=\"elementor-button-text\">Testbericht<\/span>\n\t\t\t\t\t<\/span>\n\t\t\t\t\t<\/a>\n\t\t\t\t\t\t\t\t<\/div>\n\t\t\t\t<\/div>\n\t\t<div class=\"elementor-element elementor-element-b9373e2 e-con-full e-flex e-con e-child\" data-id=\"b9373e2\" data-element_type=\"container\" data-e-type=\"container\">\n\t\t\t\t<div class=\"elementor-element elementor-element-970ef09 elementor-widget elementor-widget-image\" data-id=\"970ef09\" data-element_type=\"widget\" data-e-type=\"widget\" data-widget_type=\"image.default\">\n\t\t\t\t\t\t\t\t\t\t\t\t\t\t\t<img loading=\"lazy\" decoding=\"async\" width=\"1023\" height=\"681\" src=\"https:\/\/alloypro.net\/wp-content\/uploads\/2025\/12\/Florida.jpg\" class=\"attachment-large size-large wp-image-3272\" alt=\"\" srcset=\"https:\/\/alloypro.net\/wp-content\/uploads\/2025\/12\/Florida.jpg 1023w, https:\/\/alloypro.net\/wp-content\/uploads\/2025\/12\/Florida-300x200.jpg 300w, https:\/\/alloypro.net\/wp-content\/uploads\/2025\/12\/Florida-768x511.jpg 768w, https:\/\/alloypro.net\/wp-content\/uploads\/2025\/12\/Florida-600x399.jpg 600w\" sizes=\"(max-width: 1023px) 100vw, 1023px\" \/>\t\t\t\t\t\t\t\t\t\t\t\t\t\t\t<\/div>\n\t\t\t\t<\/div>\n\t\t\t\t<\/div>\n\t\t\t\t<\/div>\n\t\t\t\t<\/div>\n\t\t\t\t\t<\/div>\n\t\t\t\t<\/div>\n\t\t\t\t<\/div>","protected":false},"excerpt":{"rendered":"<p>High-End AS2047 &amp; NFRC Certified Products Compliance is key to global projects. Alloy Pro is proud to offer AS2047 &amp; [&hellip;]<\/p>\n","protected":false},"author":1,"featured_media":0,"parent":0,"menu_order":0,"comment_status":"closed","ping_status":"closed","template":"","meta":{"_acf_changed":false,"om_disable_all_campaigns":false,"_monsterinsights_skip_tracking":false,"_monsterinsights_sitenote_active":false,"_monsterinsights_sitenote_note":"","_monsterinsights_sitenote_category":0,"site-sidebar-layout":"no-sidebar","site-content-layout":"","ast-site-content-layout":"full-width-container","site-content-style":"default","site-sidebar-style":"default","ast-global-header-display":"","ast-banner-title-visibility":"","ast-main-header-display":"","ast-hfb-above-header-display":"","ast-hfb-below-header-display":"","ast-hfb-mobile-header-display":"","site-post-title":"disabled","ast-breadcrumbs-content":"","ast-featured-img":"disabled","footer-sml-layout":"","ast-disable-related-posts":"","theme-transparent-header-meta":"","adv-header-id-meta":"","stick-header-meta":"","header-above-stick-meta":"","header-main-stick-meta":"","header-below-stick-meta":"","astra-migrate-meta-layouts":"default","ast-page-background-enabled":"default","ast-page-background-meta":{"desktop":{"background-color":"var(--ast-global-color-5)","background-image":"","background-repeat":"repeat","background-position":"center center","background-size":"auto","background-attachment":"scroll","background-type":"","background-media":"","overlay-type":"","overlay-color":"","overlay-opacity":"","overlay-gradient":""},"tablet":{"background-color":"","background-image":"","background-repeat":"repeat","background-position":"center center","background-size":"auto","background-attachment":"scroll","background-type":"","background-media":"","overlay-type":"","overlay-color":"","overlay-opacity":"","overlay-gradient":""},"mobile":{"background-color":"","background-image":"","background-repeat":"repeat","background-position":"center center","background-size":"auto","background-attachment":"scroll","background-type":"","background-media":"","overlay-type":"","overlay-color":"","overlay-opacity":"","overlay-gradient":""}},"ast-content-background-meta":{"desktop":{"background-color":"var(--ast-global-color-4)","background-image":"","background-repeat":"repeat","background-position":"center center","background-size":"auto","background-attachment":"scroll","background-type":"","background-media":"","overlay-type":"","overlay-color":"","overlay-opacity":"","overlay-gradient":""},"tablet":{"background-color":"var(--ast-global-color-4)","background-image":"","background-repeat":"repeat","background-position":"center center","background-size":"auto","background-attachment":"scroll","background-type":"","background-media":"","overlay-type":"","overlay-color":"","overlay-opacity":"","overlay-gradient":""},"mobile":{"background-color":"var(--ast-global-color-4)","background-image":"","background-repeat":"repeat","background-position":"center center","background-size":"auto","background-attachment":"scroll","background-type":"","background-media":"","overlay-type":"","overlay-color":"","overlay-opacity":"","overlay-gradient":""}},"footnotes":""},"class_list":["post-3263","page","type-page","status-publish","hentry"],"acf":[],"aioseo_notices":[],"_links":{"self":[{"href":"https:\/\/alloypro.net\/de\/wp-json\/wp\/v2\/pages\/3263","targetHints":{"allow":["GET"]}}],"collection":[{"href":"https:\/\/alloypro.net\/de\/wp-json\/wp\/v2\/pages"}],"about":[{"href":"https:\/\/alloypro.net\/de\/wp-json\/wp\/v2\/types\/page"}],"author":[{"embeddable":true,"href":"https:\/\/alloypro.net\/de\/wp-json\/wp\/v2\/users\/1"}],"replies":[{"embeddable":true,"href":"https:\/\/alloypro.net\/de\/wp-json\/wp\/v2\/comments?post=3263"}],"version-history":[{"count":36,"href":"https:\/\/alloypro.net\/de\/wp-json\/wp\/v2\/pages\/3263\/revisions"}],"predecessor-version":[{"id":6174,"href":"https:\/\/alloypro.net\/de\/wp-json\/wp\/v2\/pages\/3263\/revisions\/6174"}],"wp:attachment":[{"href":"https:\/\/alloypro.net\/de\/wp-json\/wp\/v2\/media?parent=3263"}],"curies":[{"name":"wp","href":"https:\/\/api.w.org\/{rel}","templated":true}]}}